{"id":541,"date":"2023-02-15T17:09:06","date_gmt":"2023-02-15T17:09:06","guid":{"rendered":"https:\/\/lenlevementdessabines.fr\/?page_id=541"},"modified":"2024-01-26T13:37:07","modified_gmt":"2024-01-26T13:37:07","slug":"tableaux-anciens","status":"publish","type":"page","link":"https:\/\/lenlevementdessabines.fr\/index.php\/tableaux-anciens\/","title":{"rendered":"Tableaux anciens"},"content":{"rendered":"\n<figure class=\"wp-block-image size-large\"><img decoding=\"async\" loading=\"lazy\" width=\"1024\" height=\"757\" src=\"https:\/\/lenlevementdessabines.fr\/wp-content\/uploads\/2023\/02\/1-AAA-tableaux-alxandre-e1706275297475-1024x757.jpg\" alt=\"\" class=\"wp-image-542\" srcset=\"https:\/\/lenlevementdessabines.fr\/wp-content\/uploads\/2023\/02\/1-AAA-tableaux-alxandre-e1706275297475-1024x757.jpg 1024w, https:\/\/lenlevementdessabines.fr\/wp-content\/uploads\/2023\/02\/1-AAA-tableaux-alxandre-e1706275297475-300x222.jpg 300w, https:\/\/lenlevementdessabines.fr\/wp-content\/uploads\/2023\/02\/1-AAA-tableaux-alxandre-e1706275297475-768x568.jpg 768w, https:\/\/lenlevementdessabines.fr\/wp-content\/uploads\/2023\/02\/1-AAA-tableaux-alxandre-e1706275297475-1536x1135.jpg 1536w, https:\/\/lenlevementdessabines.fr\/wp-content\/uploads\/2023\/02\/1-AAA-tableaux-alxandre-e1706275297475-1200x887.jpg 1200w, https:\/\/lenlevementdessabines.fr\/wp-content\/uploads\/2023\/02\/1-AAA-tableaux-alxandre-e1706275297475.jpg 1718w\" sizes=\"(max-width: 1024px) 100vw, 1024px\" \/><figcaption class=\"wp-element-caption\">PENTAX Image<\/figcaption><\/figure>\n\n\n\n<p>Coll. Alexander Apelblat, Beer-Sheva<\/p>\n\n\n\n<figure class=\"wp-block-image size-large\"><img decoding=\"async\" loading=\"lazy\" width=\"1024\" height=\"739\" src=\"https:\/\/lenlevementdessabines.fr\/wp-content\/uploads\/2023\/02\/1.-AAAA-pommes-1-e1706274995691-1024x739.jpg\" alt=\"\" class=\"wp-image-549\" srcset=\"https:\/\/lenlevementdessabines.fr\/wp-content\/uploads\/2023\/02\/1.-AAAA-pommes-1-e1706274995691-1024x739.jpg 1024w, https:\/\/lenlevementdessabines.fr\/wp-content\/uploads\/2023\/02\/1.-AAAA-pommes-1-e1706274995691-300x217.jpg 300w, https:\/\/lenlevementdessabines.fr\/wp-content\/uploads\/2023\/02\/1.-AAAA-pommes-1-e1706274995691-768x554.jpg 768w, https:\/\/lenlevementdessabines.fr\/wp-content\/uploads\/2023\/02\/1.-AAAA-pommes-1-e1706274995691-1536x1109.jpg 1536w, https:\/\/lenlevementdessabines.fr\/wp-content\/uploads\/2023\/02\/1.-AAAA-pommes-1-e1706274995691-1200x866.jpg 1200w, https:\/\/lenlevementdessabines.fr\/wp-content\/uploads\/2023\/02\/1.-AAAA-pommes-1-e1706274995691.jpg 1568w\" sizes=\"(max-width: 1024px) 100vw, 1024px\" \/><figcaption class=\"wp-element-caption\">PENTAX Image<\/figcaption><\/figure>\n\n\n\n<p>Coll. Alexandre Apelblat<\/p>\n\n\n\n<figure class=\"wp-block-image size-large\"><img decoding=\"async\" loading=\"lazy\" width=\"1024\" height=\"768\" src=\"https:\/\/lenlevementdessabines.fr\/wp-content\/uploads\/2023\/02\/DSC06661-scaled-e1681843925220-1024x768.jpg\" alt=\"\" class=\"wp-image-552\" srcset=\"https:\/\/lenlevementdessabines.fr\/wp-content\/uploads\/2023\/02\/DSC06661-scaled-e1681843925220-1024x768.jpg 1024w, https:\/\/lenlevementdessabines.fr\/wp-content\/uploads\/2023\/02\/DSC06661-scaled-e1681843925220-300x225.jpg 300w, https:\/\/lenlevementdessabines.fr\/wp-content\/uploads\/2023\/02\/DSC06661-scaled-e1681843925220-768x576.jpg 768w, https:\/\/lenlevementdessabines.fr\/wp-content\/uploads\/2023\/02\/DSC06661-scaled-e1681843925220-1536x1152.jpg 1536w, https:\/\/lenlevementdessabines.fr\/wp-content\/uploads\/2023\/02\/DSC06661-scaled-e1681843925220-2048x1536.jpg 2048w, https:\/\/lenlevementdessabines.fr\/wp-content\/uploads\/2023\/02\/DSC06661-scaled-e1681843925220-1200x900.jpg 1200w, https:\/\/lenlevementdessabines.fr\/wp-content\/uploads\/2023\/02\/DSC06661-scaled-e1681843925220-1980x1485.jpg 1980w\" sizes=\"(max-width: 1024px) 100vw, 1024px\" \/><\/figure>\n\n\n\n<p>Ant\u00e9rieur \u00e0 1970. Coll. personnelle. <\/p>\n\n\n\n<figure class=\"wp-block-image size-large\"><img decoding=\"async\" loading=\"lazy\" width=\"918\" height=\"1024\" src=\"https:\/\/lenlevementdessabines.fr\/wp-content\/uploads\/2023\/04\/IMG_20230418_141957-scaled-e1706275107351-918x1024.jpg\" alt=\"\" class=\"wp-image-616\" srcset=\"https:\/\/lenlevementdessabines.fr\/wp-content\/uploads\/2023\/04\/IMG_20230418_141957-scaled-e1706275107351-918x1024.jpg 918w, https:\/\/lenlevementdessabines.fr\/wp-content\/uploads\/2023\/04\/IMG_20230418_141957-scaled-e1706275107351-269x300.jpg 269w, https:\/\/lenlevementdessabines.fr\/wp-content\/uploads\/2023\/04\/IMG_20230418_141957-scaled-e1706275107351-768x857.jpg 768w, https:\/\/lenlevementdessabines.fr\/wp-content\/uploads\/2023\/04\/IMG_20230418_141957-scaled-e1706275107351-1377x1536.jpg 1377w, https:\/\/lenlevementdessabines.fr\/wp-content\/uploads\/2023\/04\/IMG_20230418_141957-scaled-e1706275107351-1200x1339.jpg 1200w, https:\/\/lenlevementdessabines.fr\/wp-content\/uploads\/2023\/04\/IMG_20230418_141957-scaled-e1706275107351.jpg 1715w\" sizes=\"(max-width: 918px) 100vw, 918px\" \/><figcaption class=\"wp-element-caption\">All-focus<\/figcaption><\/figure>\n\n\n\n<p>Coll. M. L. Ant\u00e9rieur \u00e0 1970. <\/p>\n\n\n\n<p><\/p>\n\n\n\n<p><\/p>\n\n\n\n<figure class=\"wp-block-image size-large\"><img decoding=\"async\" loading=\"lazy\" width=\"1024\" height=\"834\" src=\"https:\/\/lenlevementdessabines.fr\/wp-content\/uploads\/2023\/04\/IMG_20230418_141626-scaled-e1706275369958-1024x834.jpg\" alt=\"\" class=\"wp-image-613\" srcset=\"https:\/\/lenlevementdessabines.fr\/wp-content\/uploads\/2023\/04\/IMG_20230418_141626-scaled-e1706275369958-1024x834.jpg 1024w, https:\/\/lenlevementdessabines.fr\/wp-content\/uploads\/2023\/04\/IMG_20230418_141626-scaled-e1706275369958-300x244.jpg 300w, https:\/\/lenlevementdessabines.fr\/wp-content\/uploads\/2023\/04\/IMG_20230418_141626-scaled-e1706275369958-768x625.jpg 768w, https:\/\/lenlevementdessabines.fr\/wp-content\/uploads\/2023\/04\/IMG_20230418_141626-scaled-e1706275369958-1536x1250.jpg 1536w, https:\/\/lenlevementdessabines.fr\/wp-content\/uploads\/2023\/04\/IMG_20230418_141626-scaled-e1706275369958-2048x1667.jpg 2048w, https:\/\/lenlevementdessabines.fr\/wp-content\/uploads\/2023\/04\/IMG_20230418_141626-scaled-e1706275369958-1200x977.jpg 1200w, https:\/\/lenlevementdessabines.fr\/wp-content\/uploads\/2023\/04\/IMG_20230418_141626-scaled-e1706275369958-1980x1612.jpg 1980w\" sizes=\"(max-width: 1024px) 100vw, 1024px\" \/><figcaption class=\"wp-element-caption\">All-focus<\/figcaption><\/figure>\n\n\n\n<figure class=\"wp-block-image size-large\"><img decoding=\"async\" loading=\"lazy\" width=\"734\" height=\"1024\" src=\"https:\/\/lenlevementdessabines.fr\/wp-content\/uploads\/2023\/04\/IMG_20230418_141728-scaled-e1706275236680-734x1024.jpg\" alt=\"\" class=\"wp-image-614\" srcset=\"https:\/\/lenlevementdessabines.fr\/wp-content\/uploads\/2023\/04\/IMG_20230418_141728-scaled-e1706275236680-734x1024.jpg 734w, https:\/\/lenlevementdessabines.fr\/wp-content\/uploads\/2023\/04\/IMG_20230418_141728-scaled-e1706275236680-215x300.jpg 215w, https:\/\/lenlevementdessabines.fr\/wp-content\/uploads\/2023\/04\/IMG_20230418_141728-scaled-e1706275236680-768x1071.jpg 768w, https:\/\/lenlevementdessabines.fr\/wp-content\/uploads\/2023\/04\/IMG_20230418_141728-scaled-e1706275236680-1101x1536.jpg 1101w, https:\/\/lenlevementdessabines.fr\/wp-content\/uploads\/2023\/04\/IMG_20230418_141728-scaled-e1706275236680-1469x2048.jpg 1469w, https:\/\/lenlevementdessabines.fr\/wp-content\/uploads\/2023\/04\/IMG_20230418_141728-scaled-e1706275236680-1200x1673.jpg 1200w, https:\/\/lenlevementdessabines.fr\/wp-content\/uploads\/2023\/04\/IMG_20230418_141728-scaled-e1706275236680.jpg 1678w\" sizes=\"(max-width: 734px) 100vw, 734px\" \/><figcaption class=\"wp-element-caption\">All-focus<\/figcaption><\/figure>\n\n\n\n<p>Coll. M. L. Ant\u00e9rieur \u00e0 1970. <\/p>\n","protected":false},"excerpt":{"rendered":"<p>Coll. Alexander Apelblat, Beer-Sheva Coll. Alexandre Apelblat Ant\u00e9rieur \u00e0 1970. Coll. personnelle. Coll. M. L. Ant\u00e9rieur \u00e0 1970. Coll. M. L. Ant\u00e9rieur \u00e0 1970.<\/p>\n","protected":false},"author":1,"featured_media":0,"parent":0,"menu_order":0,"comment_status":"closed","ping_status":"closed","template":"","meta":{"om_disable_all_campaigns":false,"_monsterinsights_skip_tracking":false,"_monsterinsights_sitenote_active":false,"_monsterinsights_sitenote_note":"","_monsterinsights_sitenote_category":0},"aioseo_notices":[],"_links":{"self":[{"href":"https:\/\/lenlevementdessabines.fr\/index.php\/wp-json\/wp\/v2\/pages\/541"}],"collection":[{"href":"https:\/\/lenlevementdessabines.fr\/index.php\/wp-json\/wp\/v2\/pages"}],"about":[{"href":"https:\/\/lenlevementdessabines.fr\/index.php\/wp-json\/wp\/v2\/types\/page"}],"author":[{"embeddable":true,"href":"https:\/\/lenlevementdessabines.fr\/index.php\/wp-json\/wp\/v2\/users\/1"}],"replies":[{"embeddable":true,"href":"https:\/\/lenlevementdessabines.fr\/index.php\/wp-json\/wp\/v2\/comments?post=541"}],"version-history":[{"count":19,"href":"https:\/\/lenlevementdessabines.fr\/index.php\/wp-json\/wp\/v2\/pages\/541\/revisions"}],"predecessor-version":[{"id":733,"href":"https:\/\/lenlevementdessabines.fr\/index.php\/wp-json\/wp\/v2\/pages\/541\/revisions\/733"}],"wp:attachment":[{"href":"https:\/\/lenlevementdessabines.fr\/index.php\/wp-json\/wp\/v2\/media?parent=541"}],"curies":[{"name":"wp","href":"https:\/\/api.w.org\/{rel}","templated":true}]}}