{"id":3,"date":"2022-11-25T13:25:55","date_gmt":"2022-11-25T13:25:55","guid":{"rendered":"https:\/\/lenlevementdessabines.fr\/?page_id=3"},"modified":"2024-01-26T13:46:07","modified_gmt":"2024-01-26T13:46:07","slug":"privacy-policy","status":"publish","type":"page","link":"https:\/\/lenlevementdessabines.fr\/index.php\/privacy-policy\/","title":{"rendered":"Mentions L\u00e9gales"},"content":{"rendered":"\n<h2>Qui sommes-nous :<\/h2>\n\n\n\n<p><strong class=\"privacy-policy-tutorial\"> <\/strong><strong>Our website address is<\/strong>: https:\/\/lenlevementdessabines.fr.<\/p>\n\n\n\n<h2><em>D\u00e9claration CNIL :<\/em><\/h2>\n\n\n\n<p>Collecte de donn\u00e9es personnelles \u00e0 partir de Google Analytics. Si votre nom ou votre photo apparaissent sur ce site (par ex,<\/p>\n\n\n\n<p>photo \u00e9v\u00e9nementielle) et que vous souhaitez les faire supprimer, contactez-nous en utilisant le formulaire de la page contact.<\/p>\n\n\n\n<h2>\u00c9diteur du site<\/h2>\n\n\n\n<p><strong class=\"privacy-policy-tutorial\"><\/strong><\/p>\n\n\n\n<p><strong>Responsable de publication :<\/strong> Mika\u00ebl Lewi<\/p>\n\n\n\n<p><strong>Mail du responsable de la publication :<\/strong> lemin.creation@gmail.com<\/p>\n\n\n\n<p><strong>Design et d\u00e9veloppement :<\/strong> LEMINcr\u00e9ation<\/p>\n\n\n\n<p><strong>Identit\u00e9 visuelle :<\/strong> LEMINcr\u00e9ation ( Mika\u00ebl Lewi )<\/p>\n\n\n\n<p><strong>Webmaster du site :<\/strong> lemin.creation@gmail.com<\/p>\n\n\n\n<p><strong>H\u00e9bergeur :<\/strong> HOSTINGER &#8211; 61 Lordou Vironos st. 6023 Larnaca, the Republic de Chypre<\/p>\n\n\n\n<p>Ce site est conforme aux normes W3C XHTML 1.0 (avec utilisation de l\u2019attribut HTML5 placeholder).<\/p>\n\n\n\n<p>Cr\u00e9dits photo<\/p>\n\n\n\n<p>\u00a9LEMINcreation<\/p>\n\n\n\n<h2>Liens<\/h2>\n\n\n\n<p>Il est possible de faire des liens vers la page d\u2019accueil du site sans autorisation, seuls les liens<\/p>\n\n\n\n<p>profonds vers des pages internes ou vers des documents<\/p>\n\n\n\n<p>du site doivent avoir fait l\u2019objet d\u2019une autorisation de la part de LEMINcr\u00e9ation.<\/p>\n\n\n\n<h2>Propri\u00e9t\u00e9 intellectuelle<\/h2>\n\n\n\n<p>Le site internet \u00ab www.lemincreation.online \u00bb est une \u0153uvre de l\u2019esprit prot\u00e9g\u00e9e par les lois sur la propri\u00e9t\u00e9 intellectuelle. Tous les contenus textuels et<\/p>\n\n\n\n<p>graphiques de ce site sont la propri\u00e9t\u00e9 exclusive de lemincreation. Les photographies sont la propri\u00e9t\u00e9 de leurs<\/p>\n\n\n\n<p>auteurs respectifs.<\/p>\n","protected":false},"excerpt":{"rendered":"<p>Qui sommes-nous : Our website address is: https:\/\/lenlevementdessabines.fr. D\u00e9claration CNIL : Collecte de donn\u00e9es personnelles \u00e0 partir de Google Analytics. Si votre nom ou votre photo apparaissent sur ce site (par ex, photo \u00e9v\u00e9nementielle) et que vous souhaitez les faire supprimer, contactez-nous en utilisant le formulaire de la page contact. \u00c9diteur du site Responsable de [&hellip;]<\/p>\n","protected":false},"author":1,"featured_media":0,"parent":0,"menu_order":0,"comment_status":"closed","ping_status":"open","template":"","meta":{"om_disable_all_campaigns":false,"_monsterinsights_skip_tracking":false,"_monsterinsights_sitenote_active":false,"_monsterinsights_sitenote_note":"","_monsterinsights_sitenote_category":0},"aioseo_notices":[],"_links":{"self":[{"href":"https:\/\/lenlevementdessabines.fr\/index.php\/wp-json\/wp\/v2\/pages\/3"}],"collection":[{"href":"https:\/\/lenlevementdessabines.fr\/index.php\/wp-json\/wp\/v2\/pages"}],"about":[{"href":"https:\/\/lenlevementdessabines.fr\/index.php\/wp-json\/wp\/v2\/types\/page"}],"author":[{"embeddable":true,"href":"https:\/\/lenlevementdessabines.fr\/index.php\/wp-json\/wp\/v2\/users\/1"}],"replies":[{"embeddable":true,"href":"https:\/\/lenlevementdessabines.fr\/index.php\/wp-json\/wp\/v2\/comments?post=3"}],"version-history":[{"count":3,"href":"https:\/\/lenlevementdessabines.fr\/index.php\/wp-json\/wp\/v2\/pages\/3\/revisions"}],"predecessor-version":[{"id":734,"href":"https:\/\/lenlevementdessabines.fr\/index.php\/wp-json\/wp\/v2\/pages\/3\/revisions\/734"}],"wp:attachment":[{"href":"https:\/\/lenlevementdessabines.fr\/index.php\/wp-json\/wp\/v2\/media?parent=3"}],"curies":[{"name":"wp","href":"https:\/\/api.w.org\/{rel}","templated":true}]}}