{"id":2,"date":"2022-11-25T13:25:55","date_gmt":"2022-11-25T13:25:55","guid":{"rendered":"https:\/\/lenlevementdessabines.fr\/?page_id=2"},"modified":"2023-02-05T19:46:19","modified_gmt":"2023-02-05T19:46:19","slug":"sample-page","status":"publish","type":"page","link":"https:\/\/lenlevementdessabines.fr\/","title":{"rendered":"Accueil"},"content":{"rendered":"\n<figure class=\"wp-block-image size-full\"><img decoding=\"async\" loading=\"lazy\" width=\"517\" height=\"380\" src=\"https:\/\/lenlevementdessabines.fr\/wp-content\/uploads\/2022\/11\/nicolas-poussin-l-enlevement-des-sabines.png\" alt=\"L'enlevement des sabines tableau de poussin\" class=\"wp-image-7\" srcset=\"https:\/\/lenlevementdessabines.fr\/wp-content\/uploads\/2022\/11\/nicolas-poussin-l-enlevement-des-sabines.png 517w, https:\/\/lenlevementdessabines.fr\/wp-content\/uploads\/2022\/11\/nicolas-poussin-l-enlevement-des-sabines-300x221.png 300w\" sizes=\"(max-width: 517px) 100vw, 517px\" \/><\/figure>\n\n\n\n<p><em><strong>L&#8217;enl\u00e8vement des Sabines<\/strong><\/em><br>Nicolas Poussin<br>Huile sur toile, XVII\u00e8me si\u00e8cle, Mus\u00e9e du Louvre, Paris<\/p>\n\n\n\n<p>Henri Lewi est l\u2019auteur de <strong><em>La Visite au mus\u00e9e,<\/em><\/strong> \u00e9ditions <em>Actes Sud (2015).<\/em><\/p>\n\n\n\n<p><\/p>\n","protected":false},"excerpt":{"rendered":"<p>L&#8217;enl\u00e8vement des SabinesNicolas PoussinHuile sur toile, XVII\u00e8me si\u00e8cle, Mus\u00e9e du Louvre, Paris Henri Lewi est l\u2019auteur de La Visite au mus\u00e9e, \u00e9ditions Actes Sud (2015).<\/p>\n","protected":false},"author":1,"featured_media":0,"parent":0,"menu_order":0,"comment_status":"closed","ping_status":"open","template":"","meta":{"om_disable_all_campaigns":false,"_monsterinsights_skip_tracking":false,"_monsterinsights_sitenote_active":false,"_monsterinsights_sitenote_note":"","_monsterinsights_sitenote_category":0},"aioseo_notices":[],"_links":{"self":[{"href":"https:\/\/lenlevementdessabines.fr\/index.php\/wp-json\/wp\/v2\/pages\/2"}],"collection":[{"href":"https:\/\/lenlevementdessabines.fr\/index.php\/wp-json\/wp\/v2\/pages"}],"about":[{"href":"https:\/\/lenlevementdessabines.fr\/index.php\/wp-json\/wp\/v2\/types\/page"}],"author":[{"embeddable":true,"href":"https:\/\/lenlevementdessabines.fr\/index.php\/wp-json\/wp\/v2\/users\/1"}],"replies":[{"embeddable":true,"href":"https:\/\/lenlevementdessabines.fr\/index.php\/wp-json\/wp\/v2\/comments?post=2"}],"version-history":[{"count":8,"href":"https:\/\/lenlevementdessabines.fr\/index.php\/wp-json\/wp\/v2\/pages\/2\/revisions"}],"predecessor-version":[{"id":536,"href":"https:\/\/lenlevementdessabines.fr\/index.php\/wp-json\/wp\/v2\/pages\/2\/revisions\/536"}],"wp:attachment":[{"href":"https:\/\/lenlevementdessabines.fr\/index.php\/wp-json\/wp\/v2\/media?parent=2"}],"curies":[{"name":"wp","href":"https:\/\/api.w.org\/{rel}","templated":true}]}}